{"id":9,"date":"2018-05-14T15:01:57","date_gmt":"2018-05-14T15:01:57","guid":{"rendered":"http:\/\/ruegen-ferienanlage.de\/?page_id=9"},"modified":"2018-05-15T16:49:14","modified_gmt":"2018-05-15T16:49:14","slug":"vermietung","status":"publish","type":"page","link":"https:\/\/ruegen-ferienanlage.de\/?page_id=9","title":{"rendered":"Vermietung-Info"},"content":{"rendered":"<ul>\n<li><span style=\"font-family: Times\\ New\\ Roman, Times;\"><span style=\"font-size: 12pt;\">F<\/span><\/span><span style=\"font-family: Times\\ New\\ Roman, Times;\"><span style=\"font-size: 12pt;\">erienwohung 1<\/span><span style=\"font-size: 12pt;\">\u00a0 <span style=\"color: #00ccff;\">ca. 45 m\u00b2<\/span> Wohnfl\u00e4che; 2-3 Personen; ki<\/span><\/span><span style=\"font-family: Times\\ New\\ Roman, Times;\"><span style=\"font-size: 12pt;\">nderfreudlich<\/span><\/span><span style=\"font-family: Times\\ New\\ Roman, Times;\"><span style=\"font-size: 12pt;\">e Schlafcouch\/ Aufbettung<\/span><\/span><\/li>\n<li><span style=\"font-size: 12pt; font-family: Times\\ New\\ Roman, Times;\">Ferienwohung 2\u00a0 <span style=\"color: #00ccff;\">ca. 38 m\u00b2<\/span> Wohnfl\u00e4che; 2-3. Personen; sehr ruhige Lage<\/span><\/li>\n<li><span style=\"font-family: Times\\ New\\ Roman, Times;\"><span style=\"font-size: small;\"><span style=\"font-size: 12pt;\">Ferienwohung 3<span style=\"color: #00ccff;\">\u00a0 ca. 34 m\u00b2<\/span> Wohnfl\u00e4che; 2-3. Personen; sehr ruhige Lage<\/span><\/span><span style=\"color: #f2cabf; font-size: small;\"><br \/>\n<\/span><\/span><\/li>\n<\/ul>\n<p><img loading=\"lazy\" class=\"wp-image-244 aligncenter\" src=\"http:\/\/ruegen-ferienanlage.de\/wp-content\/uploads\/2018\/05\/IMG_1065-2-300x225.jpg\" alt=\"\" width=\"222\" height=\"166\" srcset=\"https:\/\/ruegen-ferienanlage.de\/wp-content\/uploads\/2018\/05\/IMG_1065-2-300x225.jpg 300w, https:\/\/ruegen-ferienanlage.de\/wp-content\/uploads\/2018\/05\/IMG_1065-2-768x576.jpg 768w, https:\/\/ruegen-ferienanlage.de\/wp-content\/uploads\/2018\/05\/IMG_1065-2-1024x768.jpg 1024w\" sizes=\"(max-width: 222px) 100vw, 222px\" \/><\/p>\n<ul>\n<li style=\"text-align: left;\"><span style=\"font-family: Times\\ New\\ Roman, Times;\">Grillplatz f\u00fcr alle Ferienwohnungen<\/span><\/li>\n<li style=\"text-align: left;\"><span style=\"font-family: Times\\ New\\ Roman, Times;\">Volleyballfeld\/Federball stehen allen G\u00e4sten zur Verf\u00fcgung<\/span><\/li>\n<li style=\"text-align: left;\"><span style=\"font-family: Times\\ New\\ Roman, Times;\">Liegewiese mit Strandkorb<\/span><\/li>\n<li style=\"text-align: left;\"><span style=\"font-family: Times\\ New\\ Roman, Times;\">Parkpl\u00e4tze befinden sich auf dem Grundst\u00fcck und sind kostenlos<\/span><\/li>\n<li style=\"text-align: left;\"><span style=\"font-family: Times\\ New\\ Roman, Times;\">Hauswirtschaftsraum mit Waschmaschine und Trockner stehen Ihnen f\u00fcr die Urlaubsw\u00e4sche zur Verf\u00fcgung (<span style=\"color: #00ccff;\">kleines Endgeld<\/span>)<\/span><\/li>\n<li><span style=\"font-family: Times\\ New\\ Roman, Times;\">Haustiere gestattet nach Absprache<\/span><\/li>\n<li><span style=\"font-family: Times\\ New\\ Roman, Times;\"><span style=\"font-family: Times\\ New\\ Roman, Times;\">Babybett und Hochstuhl kostenfrei<\/span><\/span><\/li>\n<\/ul>\n<p><span style=\"color: #00ccff; font-family: Times\\ New\\ Roman, Times;\"><br \/>\n<\/span><\/p>\n<ul>\n<li><span style=\"font-size: 14pt;\"><strong><span style=\"font-family: Times\\ New\\ Roman, Times;\">Hauptsaison:\u00a0\u00a0\u00a0 <\/span><\/strong><span style=\"font-size: 12pt;\"><span style=\"font-family: Times\\ New\\ Roman, Times;\">Preis 60,- \u20ac<\/span><\/span><strong><span style=\"font-family: Times\\ New\\ Roman, Times;\"><br \/>\n<\/span><\/strong><\/span><\/li>\n<li><span style=\"font-size: 14pt;\"><strong><span style=\"font-family: Times\\ New\\ Roman, Times;\">Nebensaison:<\/span><\/strong><span style=\"font-size: 12pt;\"><span style=\"font-family: Times\\ New\\ Roman, Times;\">\u00a0\u00a0\u00a0 Preis<\/span> <span style=\"font-family: Times\\ New\\ Roman, Times;\">50,- \u20ac<\/span><\/span><strong><span style=\"font-family: Times\\ New\\ Roman, Times;\"><br \/>\n<\/span><\/strong><\/span><\/li>\n<li><span style=\"font-size: 14pt;\"><strong><span style=\"font-family: Times\\ New\\ Roman, Times;\">Endreinigung: <\/span><\/strong><span style=\"font-family: Times\\ New\\ Roman, Times; font-size: 12pt;\">Preis <\/span><span style=\"font-family: Times\\ New\\ Roman, Times; font-size: 12pt;\">20,- \u20ac\u00a0 <span style=\"color: #00ccff;\">Bettw\u00e4sche und Handt\u00fccher sind inklusive<\/span><br \/>\n<\/span><\/span><\/li>\n<\/ul>\n<ul>\n<li><span style=\"font-family: Times\\ New\\ Roman, Times;\"><span style=\"color: #00ccff;\">Anreise<\/span> ab 15 Uhr<br \/>\n<\/span><\/li>\n<li><span style=\"font-family: Times\\ New\\ Roman, Times;\"><span style=\"color: #00ccff;\">Abreise<\/span> bis 10 Uhr<\/span><\/li>\n<\/ul>\n<p><span style=\"font-family: Times\\ New\\ Roman, Times;\">Kurabgabe der Gemeinde Lohme<\/span><\/p>\n<p><span style=\"font-family: Times\\ New\\ Roman, Times;\">Die H\u00f6he der Kurabgabe betr\u00e4gt pro Person und Aufenthaltstag (An- und Abreisetag gleich ein Aufenthaltstag):<\/span><\/p>\n<p><span style=\"font-family: Times\\ New\\ Roman, Times;\">Hauptsaison (01.Mai bis 31.Oktober): voll 1,00 \u20ac \/\/ erm\u00e4\u00dfigt 0,75 \u20ac<\/span><br \/>\n<span style=\"font-family: Times\\ New\\ Roman, Times;\"> Nebensaison (01.November bis 30.April): voll 0,75 \u20ac \/\/ erm\u00e4\u00dfigt 0,50 \u20ac<\/span><\/p>\n","protected":false},"excerpt":{"rendered":"<p>Ferienwohung 1\u00a0 ca. 45 m\u00b2 Wohnfl\u00e4che; 2-3 Personen; kinderfreudliche Schlafcouch\/ Aufbettung Ferienwohung 2\u00a0 ca. 38 m\u00b2 Wohnfl\u00e4che; 2-3. Personen; sehr ruhige Lage Ferienwohung 3\u00a0 ca. 34 m\u00b2 Wohnfl\u00e4che; 2-3. Personen; sehr ruhige Lage Grillplatz f\u00fcr alle Ferienwohnungen Volleyballfeld\/Federball stehen allen G\u00e4sten zur Verf\u00fcgung Liegewiese mit Strandkorb Parkpl\u00e4tze befinden sich auf dem Grundst\u00fcck und sind kostenlos&hellip; <a href=\"https:\/\/ruegen-ferienanlage.de\/?page_id=9\" class=\"more-link\">Weiterlesen <span class=\"screen-reader-text\">Vermietung-Info<\/span><\/a><\/p>\n","protected":false},"author":1,"featured_media":0,"parent":0,"menu_order":0,"comment_status":"closed","ping_status":"closed","template":"","meta":[],"_links":{"self":[{"href":"https:\/\/ruegen-ferienanlage.de\/index.php?rest_route=\/wp\/v2\/pages\/9"}],"collection":[{"href":"https:\/\/ruegen-ferienanlage.de\/index.php?rest_route=\/wp\/v2\/pages"}],"about":[{"href":"https:\/\/ruegen-ferienanlage.de\/index.php?rest_route=\/wp\/v2\/types\/page"}],"author":[{"embeddable":true,"href":"https:\/\/ruegen-ferienanlage.de\/index.php?rest_route=\/wp\/v2\/users\/1"}],"replies":[{"embeddable":true,"href":"https:\/\/ruegen-ferienanlage.de\/index.php?rest_route=%2Fwp%2Fv2%2Fcomments&post=9"}],"version-history":[{"count":20,"href":"https:\/\/ruegen-ferienanlage.de\/index.php?rest_route=\/wp\/v2\/pages\/9\/revisions"}],"predecessor-version":[{"id":245,"href":"https:\/\/ruegen-ferienanlage.de\/index.php?rest_route=\/wp\/v2\/pages\/9\/revisions\/245"}],"wp:attachment":[{"href":"https:\/\/ruegen-ferienanlage.de\/index.php?rest_route=%2Fwp%2Fv2%2Fmedia&parent=9"}],"curies":[{"name":"wp","href":"https:\/\/api.w.org\/{rel}","templated":true}]}}