{"id":11,"date":"2018-05-14T15:01:57","date_gmt":"2018-05-14T15:01:57","guid":{"rendered":"http:\/\/ruegen-ferienanlage.de\/?page_id=11"},"modified":"2018-05-15T15:34:33","modified_gmt":"2018-05-15T15:34:33","slug":"ferienwohnung-2","status":"publish","type":"page","link":"https:\/\/ruegen-ferienanlage.de\/?page_id=11","title":{"rendered":"Ferienwohnung 2"},"content":{"rendered":"<ul>\n<li>Dusche \/ WC<\/li>\n<li>Schlaf- und Wohnzimmer sind durch ein Holzfachwerk r\u00e4umlich getrennt<\/li>\n<li>Doppelbett 2 Personen<\/li>\n<li>Wohnzimmer mit Pantryk\u00fcche<\/li>\n<li>Schlafcouch im Wohnzimmer f\u00fcr 3. Person<\/li>\n<li>TV\/Musikanlage<\/li>\n<li>Terrasse mit Gartenm\u00f6beln (Blick aufs Meer)<\/li>\n<li>Grillm\u00f6glichkeit<\/li>\n<li>Pkw-Stellplatz<\/li>\n<li>Federball- und Volleyballplatz<\/li>\n<li>ca. 38 m\u00b2 Wohnfl\u00e4che<\/li>\n<\/ul>\n<div id='gallery-1' class='gallery galleryid-11 gallery-columns-3 gallery-size-medium'><figure class='gallery-item'>\n\t\t\t<div class='gallery-icon landscape'>\n\t\t\t\t<a href='https:\/\/ruegen-ferienanlage.de\/?attachment_id=60'><img width=\"300\" height=\"225\" src=\"https:\/\/ruegen-ferienanlage.de\/wp-content\/uploads\/2018\/05\/Wohn-und-Schlafbereich-300x225.jpg\" class=\"attachment-medium size-medium\" alt=\"\" loading=\"lazy\" srcset=\"https:\/\/ruegen-ferienanlage.de\/wp-content\/uploads\/2018\/05\/Wohn-und-Schlafbereich-300x225.jpg 300w, https:\/\/ruegen-ferienanlage.de\/wp-content\/uploads\/2018\/05\/Wohn-und-Schlafbereich-768x576.jpg 768w, https:\/\/ruegen-ferienanlage.de\/wp-content\/uploads\/2018\/05\/Wohn-und-Schlafbereich-1024x768.jpg 1024w\" sizes=\"(max-width: 300px) 100vw, 300px\" \/><\/a>\n\t\t\t<\/div><\/figure><figure class='gallery-item'>\n\t\t\t<div class='gallery-icon landscape'>\n\t\t\t\t<a href='https:\/\/ruegen-ferienanlage.de\/?attachment_id=56'><img width=\"300\" height=\"225\" src=\"https:\/\/ruegen-ferienanlage.de\/wp-content\/uploads\/2018\/05\/Wohn-und-Schlafbereich-durch-Holzfachwerk-getrennt-Fewo-Nr.-2-300x225.jpg\" class=\"attachment-medium size-medium\" alt=\"\" loading=\"lazy\" srcset=\"https:\/\/ruegen-ferienanlage.de\/wp-content\/uploads\/2018\/05\/Wohn-und-Schlafbereich-durch-Holzfachwerk-getrennt-Fewo-Nr.-2-300x225.jpg 300w, https:\/\/ruegen-ferienanlage.de\/wp-content\/uploads\/2018\/05\/Wohn-und-Schlafbereich-durch-Holzfachwerk-getrennt-Fewo-Nr.-2-768x576.jpg 768w, https:\/\/ruegen-ferienanlage.de\/wp-content\/uploads\/2018\/05\/Wohn-und-Schlafbereich-durch-Holzfachwerk-getrennt-Fewo-Nr.-2-1024x768.jpg 1024w\" sizes=\"(max-width: 300px) 100vw, 300px\" \/><\/a>\n\t\t\t<\/div><\/figure><figure class='gallery-item'>\n\t\t\t<div class='gallery-icon landscape'>\n\t\t\t\t<a href='https:\/\/ruegen-ferienanlage.de\/?attachment_id=59'><img width=\"300\" height=\"225\" src=\"https:\/\/ruegen-ferienanlage.de\/wp-content\/uploads\/2018\/05\/Wohnbereich-mit-K\u00fcchenzeile-300x225.jpg\" class=\"attachment-medium size-medium\" alt=\"\" loading=\"lazy\" srcset=\"https:\/\/ruegen-ferienanlage.de\/wp-content\/uploads\/2018\/05\/Wohnbereich-mit-K\u00fcchenzeile-300x225.jpg 300w, https:\/\/ruegen-ferienanlage.de\/wp-content\/uploads\/2018\/05\/Wohnbereich-mit-K\u00fcchenzeile-768x576.jpg 768w, https:\/\/ruegen-ferienanlage.de\/wp-content\/uploads\/2018\/05\/Wohnbereich-mit-K\u00fcchenzeile-1024x768.jpg 1024w\" sizes=\"(max-width: 300px) 100vw, 300px\" \/><\/a>\n\t\t\t<\/div><\/figure><figure class='gallery-item'>\n\t\t\t<div class='gallery-icon landscape'>\n\t\t\t\t<a href='https:\/\/ruegen-ferienanlage.de\/?attachment_id=58'><img width=\"300\" height=\"225\" src=\"https:\/\/ruegen-ferienanlage.de\/wp-content\/uploads\/2018\/05\/Wohnbereich-mit-K\u00fcchenzeile-Fewo-Nr.-2-300x225.jpg\" class=\"attachment-medium size-medium\" alt=\"\" loading=\"lazy\" srcset=\"https:\/\/ruegen-ferienanlage.de\/wp-content\/uploads\/2018\/05\/Wohnbereich-mit-K\u00fcchenzeile-Fewo-Nr.-2-300x225.jpg 300w, https:\/\/ruegen-ferienanlage.de\/wp-content\/uploads\/2018\/05\/Wohnbereich-mit-K\u00fcchenzeile-Fewo-Nr.-2-768x576.jpg 768w, https:\/\/ruegen-ferienanlage.de\/wp-content\/uploads\/2018\/05\/Wohnbereich-mit-K\u00fcchenzeile-Fewo-Nr.-2-1024x768.jpg 1024w\" sizes=\"(max-width: 300px) 100vw, 300px\" \/><\/a>\n\t\t\t<\/div><\/figure><figure class='gallery-item'>\n\t\t\t<div class='gallery-icon portrait'>\n\t\t\t\t<a href='https:\/\/ruegen-ferienanlage.de\/?attachment_id=55'><img width=\"225\" height=\"300\" src=\"https:\/\/ruegen-ferienanlage.de\/wp-content\/uploads\/2018\/05\/WC-Fewo-Nr.-2-225x300.jpg\" class=\"attachment-medium size-medium\" alt=\"\" loading=\"lazy\" srcset=\"https:\/\/ruegen-ferienanlage.de\/wp-content\/uploads\/2018\/05\/WC-Fewo-Nr.-2-225x300.jpg 225w, https:\/\/ruegen-ferienanlage.de\/wp-content\/uploads\/2018\/05\/WC-Fewo-Nr.-2-768x1024.jpg 768w, https:\/\/ruegen-ferienanlage.de\/wp-content\/uploads\/2018\/05\/WC-Fewo-Nr.-2.jpg 1944w\" sizes=\"(max-width: 225px) 100vw, 225px\" \/><\/a>\n\t\t\t<\/div><\/figure><figure class='gallery-item'>\n\t\t\t<div class='gallery-icon landscape'>\n\t\t\t\t<a href='https:\/\/ruegen-ferienanlage.de\/?attachment_id=57'><img width=\"300\" height=\"225\" src=\"https:\/\/ruegen-ferienanlage.de\/wp-content\/uploads\/2018\/05\/Wohnbereich-Fewo-Nr.2-300x225.jpg\" class=\"attachment-medium size-medium\" alt=\"\" loading=\"lazy\" srcset=\"https:\/\/ruegen-ferienanlage.de\/wp-content\/uploads\/2018\/05\/Wohnbereich-Fewo-Nr.2-300x225.jpg 300w, https:\/\/ruegen-ferienanlage.de\/wp-content\/uploads\/2018\/05\/Wohnbereich-Fewo-Nr.2-768x576.jpg 768w, https:\/\/ruegen-ferienanlage.de\/wp-content\/uploads\/2018\/05\/Wohnbereich-Fewo-Nr.2-1024x768.jpg 1024w\" sizes=\"(max-width: 300px) 100vw, 300px\" \/><\/a>\n\t\t\t<\/div><\/figure><figure class='gallery-item'>\n\t\t\t<div class='gallery-icon landscape'>\n\t\t\t\t<a href='https:\/\/ruegen-ferienanlage.de\/?attachment_id=54'><img width=\"300\" height=\"225\" src=\"https:\/\/ruegen-ferienanlage.de\/wp-content\/uploads\/2018\/05\/Terrasse-mit-Blick-zum-Meer-300x225.jpg\" class=\"attachment-medium size-medium\" alt=\"\" loading=\"lazy\" srcset=\"https:\/\/ruegen-ferienanlage.de\/wp-content\/uploads\/2018\/05\/Terrasse-mit-Blick-zum-Meer-300x225.jpg 300w, https:\/\/ruegen-ferienanlage.de\/wp-content\/uploads\/2018\/05\/Terrasse-mit-Blick-zum-Meer-768x576.jpg 768w, https:\/\/ruegen-ferienanlage.de\/wp-content\/uploads\/2018\/05\/Terrasse-mit-Blick-zum-Meer-1024x768.jpg 1024w\" sizes=\"(max-width: 300px) 100vw, 300px\" \/><\/a>\n\t\t\t<\/div><\/figure>\n\t\t<\/div>\n\n<p>&nbsp;<\/p>\n","protected":false},"excerpt":{"rendered":"<p>Dusche \/ WC Schlaf- und Wohnzimmer sind durch ein Holzfachwerk r\u00e4umlich getrennt Doppelbett 2 Personen Wohnzimmer mit Pantryk\u00fcche Schlafcouch im Wohnzimmer f\u00fcr 3. Person TV\/Musikanlage Terrasse mit Gartenm\u00f6beln (Blick aufs Meer) Grillm\u00f6glichkeit Pkw-Stellplatz Federball- und Volleyballplatz ca. 38 m\u00b2 Wohnfl\u00e4che &nbsp;<\/p>\n","protected":false},"author":1,"featured_media":0,"parent":0,"menu_order":0,"comment_status":"closed","ping_status":"closed","template":"","meta":[],"_links":{"self":[{"href":"https:\/\/ruegen-ferienanlage.de\/index.php?rest_route=\/wp\/v2\/pages\/11"}],"collection":[{"href":"https:\/\/ruegen-ferienanlage.de\/index.php?rest_route=\/wp\/v2\/pages"}],"about":[{"href":"https:\/\/ruegen-ferienanlage.de\/index.php?rest_route=\/wp\/v2\/types\/page"}],"author":[{"embeddable":true,"href":"https:\/\/ruegen-ferienanlage.de\/index.php?rest_route=\/wp\/v2\/users\/1"}],"replies":[{"embeddable":true,"href":"https:\/\/ruegen-ferienanlage.de\/index.php?rest_route=%2Fwp%2Fv2%2Fcomments&post=11"}],"version-history":[{"count":9,"href":"https:\/\/ruegen-ferienanlage.de\/index.php?rest_route=\/wp\/v2\/pages\/11\/revisions"}],"predecessor-version":[{"id":241,"href":"https:\/\/ruegen-ferienanlage.de\/index.php?rest_route=\/wp\/v2\/pages\/11\/revisions\/241"}],"wp:attachment":[{"href":"https:\/\/ruegen-ferienanlage.de\/index.php?rest_route=%2Fwp%2Fv2%2Fmedia&parent=11"}],"curies":[{"name":"wp","href":"https:\/\/api.w.org\/{rel}","templated":true}]}}