{"id":196,"date":"2018-05-15T10:54:29","date_gmt":"2018-05-15T10:54:29","guid":{"rendered":"http:\/\/ruegen-ferienanlage.de\/?page_id=196"},"modified":"2018-05-15T12:07:17","modified_gmt":"2018-05-15T12:07:17","slug":"agb","status":"publish","type":"page","link":"http:\/\/ruegen-ferienanlage.de\/?page_id=196","title":{"rendered":"AGB"},"content":{"rendered":"<p><span style=\"font-family: Times\\ New\\ Roman, Times; font-size: 12pt;\">Sehr geehrter Gast,<\/span><\/p>\n<p><span style=\"font-family: Times\\ New\\ Roman, Times; font-size: 12pt;\">wir bitte um Kenntnisnahme der Allgemeinen Gesch\u00e4ftsbedingungen.<\/span><\/p>\n<p><span style=\"font-family: Times\\ New\\ Roman, Times; font-size: 10pt;\"><strong>I. Vertragsabschlu\u00df<\/strong><\/span><\/p>\n<p><span style=\"font-family: Times\\ New\\ Roman, Times; font-size: 10pt;\">Zwischen Mieter und Vermieter wird durch die Buchung ein Mietvertrag geschlossen, dieser muss schriftlich erfolgen. Nebenabreden bed\u00fcrfen der Schriftform. Unser Angebot ist freibleibend. F\u00fcr den Vertragsabschlu\u00df gelten die allgemeinen Regelungen des BGB. Ein rechtsg\u00fcltiger Vertrag im Sinne der \u00a7\u00a7 535 ff BGB (Vermietung) gilt als geschlossen, wenn Sie unseren Mietvertrag unterschrieben an uns zur\u00fcck gesendet haben. Weitervermietung nur nach schriftlicher Genehmigung eraubt. Bei Buchungen \u00fcber Online -, Internet- Dienste gelten nur unsere best\u00e4tigten Daten. Wir halten unser\/e Angebot\/Reservierung 14 Tage aufrecht.<\/span><\/p>\n<p><span style=\"font-family: Times\\ New\\ Roman, Times; font-size: 10pt;\"><strong>II. Zahlung<\/strong><\/span><\/p>\n<p><span style=\"font-family: Times\\ New\\ Roman, Times; font-size: 10pt;\">Der gesamte Mietpreis ist an Tag der Anreise in bar zu entrichten.<\/span><\/p>\n<p><span style=\"font-family: Times\\ New\\ Roman, Times; font-size: 10pt;\"><strong>III. Mietdauer<\/strong><\/span><\/p>\n<p><span style=\"font-family: Times\\ New\\ Roman, Times; font-size: 10pt;\">Die Mindestmietdauer betr\u00e4gt in der Hauptsaison eine Woche (Sa. bis Sa.). Bei einer Mietdauer unter einer Woche gelten Sondervereinbarungen. Die Vermietung in der Zwischen- und Nebensaison ist nicht an die Wochenregelung gebunden. Die Ankunft am Anreisetag kann ab 14.00 Uhr erfolgen. Die Mietzeit endet am Abreisetag um 11.00 Uhr.<\/span><\/p>\n<p><span style=\"font-family: Times\\ New\\ Roman, Times; font-size: 10pt;\"><strong>IV. Leistungen<\/strong><\/span><\/p>\n<p><span style=\"font-family: Times\\ New\\ Roman, Times; font-size: 10pt;\">Der Umfang der Leistungen ergibt sich aus der Buchungsbest\u00e4tigung. Verbesserungen und Erneuerungen der Einrichtung sind zul\u00e4ssig. Das Mietobjekt darf nur von der in der Best\u00e4ti-gung angegebenen Personenzahl bewohnt werden. Kinder gelten dabei als volle Personen. Das Aufstellen von Wohnanh\u00e4ngern, Wohnmobilen und Zelten auf dem Grundst\u00fcck ist verboten. Die Hausordnung des betreffenden Geb\u00e4udes ist Bestandteil dieses Vertrages.<\/span><\/p>\n<p><span style=\"font-family: Times\\ New\\ Roman, Times; font-size: 10pt;\"><strong>V. Pflichten des Mieters<\/strong><\/span><\/p>\n<p><span style=\"font-family: Times\\ New\\ Roman, Times; font-size: 10pt;\">Der Mieter ist verpflichtet das Ferienhaus reinlich zu halten und das Inventar pfleglich zu behandeln. Bei der Abreise ist das Ferienhaus \u201eBesenrein\u201c zu verlassen. Sch\u00e4den die durch den Mieter oder einen Mitbewohner an Mietsachen entstehen, hat der Mieter dem Vermieter umgehend mitzuteilen und zu ersetzen. Bei Bruch oder Verlust werden die aktuellen Wiederbeschaffungspreise zu Grunde gelegt. Des Weiteren ist der Mieter zum wirtschaftlichen Umgang mit den inklusiven Nebenkosten (Heizkosten, Energie, Wasser) verpflichtet. Mehrere Personen als Mieter haften f\u00fcr alle Verpflichtungen aus dem Mietvertrag als Gesamtschuldner. Bei Verlust des Ferienhausschl\u00fcssels, wird aus Sicherheitsgr\u00fcnden das Sicherheitsschloss ausgewechselt. Der Gast hat f\u00fcr diese Kosten aufzukommen.<\/span><\/p>\n<p><span style=\"font-family: Times\\ New\\ Roman, Times; font-size: 10pt;\"><strong>VI. M\u00e4ngel und Abhilfe<\/strong><\/span><\/p>\n<p><span style=\"font-family: Times\\ New\\ Roman, Times; font-size: 10pt;\">Sollten beim Bezug des Ferienhauses M\u00e4ngel festgestellt werden, so muss der Mieter diese unverz\u00fcglich dem Vermie-ter melden, damit deren \u00dcberpr\u00fcfung und Beseitigung erfol-gen kann. Anzeigen dieser Art, die erst am Ende der Miet-dauer erfolgen, sind nicht mehr nachvollziehbar und werden somit dem Mieter zur Last gelegt.<\/span><\/p>\n<p><span style=\"font-family: Times\\ New\\ Roman, Times; font-size: 10pt;\"><strong>VII. Haftung<\/strong><\/span><\/p>\n<p><span style=\"font-family: Times\\ New\\ Roman, Times; font-size: 10pt;\">Der Vermieter \u00fcbernimmt keine Haftung bei Diebstahl, Feuer- und Wassersch\u00e4den am Eigentum des Mieters. Der Mieter haftet f\u00fcr eine durch ihn vorgenommene nicht ordnungsgem\u00e4\u00dfe Nutzung der Heizung, sowie der in der Wohnung befindlichen elektrische Ger\u00e4te.<\/span><\/p>\n<p><span style=\"font-family: Times\\ New\\ Roman, Times; font-size: 10pt;\"><strong>VIII. Stornierung oder K\u00fcndigung des Mietvertrages<\/strong><\/span><\/p>\n<p><span style=\"font-family: Times\\ New\\ Roman, Times; font-size: 10pt;\">a) Sie k\u00f6nnen jederzeit vor Reisebeginn von der Reise zur\u00fccktreten. Der R\u00fccktritt ist schriftlich zu erkl\u00e4ren. Ihre Abmeldung wird an dem Tag wirksam, an dem Sie bei uns eingeht. Ma\u00dfgebend ist der Poststempel. Falls Sie zur\u00fccktreten oder die Reise nicht antreten, kann der Vermieter eine angemessene Entsch\u00e4digung f\u00fcr die getroffenen Reisevorkehrungen und f\u00fcr seine Aufwendungen verlangen<\/span><\/p>\n<p><span style=\"font-family: Times\\ New\\ Roman, Times; font-size: 10pt;\">b) Es gelten folgende Stornobedingungen: bis 28 Tage vor Mietbeginn, 50% der Gesamtmiete \/ bis 14 Tage vor Mietbeginn, 60% der Ge-samtmiete \/ bis 7 Tage vor Mietbeginn, 70% der Gesamtmiete \/ bei R\u00fccktritt unter 7 Tagen vor Mietbeginn, 100% der Gesamtmiete. Wie empfehlen Ihnen daher zu Ihrer Sicherheit den Abschluss einer R\u00fccktrittsversicherung (im Reiseb\u00fcro Ihres Heimatortes).<\/span><\/p>\n<p><span style=\"font-family: Times\\ New\\ Roman, Times; font-size: 10pt;\">c) Der Vermieter kann den Mietvertrag ohne Einhaltung einer Frist k\u00fcndigen, wenn der Mieter oder eine der Mitreisenden Personen sich trotz einer Abmahnung durch den Vermieter in st\u00f6render oder zerst\u00f6render Weise verh\u00e4lt und ein Verbleiben in dem Ferienhaus nicht mehr zumutbar ist. In diesem Fall beh\u00e4lt der Vermieter den Anspruch auf den Mietpreis. d) Der Vermieter kann den Mietvertrag k\u00fcndigen, wenn das Mietobjekt durch h\u00f6here Gewalt (z.B. Krieg, innere Unruhen, Naturkatastrophen, Feuer) erheblich beeintr\u00e4chtigt oder gef\u00e4hrdet wird, oder, aus Gr\u00fcnden die er nicht zu vertreten hat, nicht mehr beziehbar ist. Der eingezahlte Mietpreis wird unverz\u00fcglich erstattet. F\u00fcr erbrachte Leistungen kann der Vermieter eine angemessene Entsch\u00e4digung verlangen.<\/span><\/p>\n<p><span style=\"font-family: Times\\ New\\ Roman, Times; font-size: 10pt;\">e) Stornierungen erfolgen in beiderseitigem Einverst\u00e4ndnis und bed\u00fcrfen der Schriftform.<\/span><\/p>\n<p><span style=\"font-family: Times\\ New\\ Roman, Times; font-size: 10pt;\"><strong>IX. Gerichtsstand<\/strong><\/span><\/p>\n<p><span style=\"font-family: Times\\ New\\ Roman, Times; font-size: 10pt;\">Der Gerichtsstand f\u00fcr Streitigkeiten aus diesem Vertragsverh\u00e4ltnis ist Bergen auf R\u00fcgen.<\/span><\/p>\n<p><span style=\"font-family: Times\\ New\\ Roman, Times; font-size: 10pt;\"><strong>X. Wirksamkeit<\/strong><\/span><\/p>\n<p><span style=\"font-family: Times\\ New\\ Roman, Times; font-size: 10pt;\">Sofern eine Bestimmung unwirksam ist oder werden sollte, wird dadurch die Wirksamkeit der \u00dcbrigen nicht ber\u00fchrt.<\/span><\/p>\n","protected":false},"excerpt":{"rendered":"<p>Sehr geehrter Gast, wir bitte um Kenntnisnahme der Allgemeinen Gesch\u00e4ftsbedingungen. I. Vertragsabschlu\u00df Zwischen Mieter und Vermieter wird durch die Buchung ein Mietvertrag geschlossen, dieser muss schriftlich erfolgen. Nebenabreden bed\u00fcrfen der Schriftform. Unser Angebot ist freibleibend. F\u00fcr den Vertragsabschlu\u00df gelten die allgemeinen Regelungen des BGB. Ein rechtsg\u00fcltiger Vertrag im Sinne der \u00a7\u00a7 535 ff BGB (Vermietung)&hellip; <a href=\"http:\/\/ruegen-ferienanlage.de\/?page_id=196\" class=\"more-link\">Weiterlesen <span class=\"screen-reader-text\">AGB<\/span><\/a><\/p>\n","protected":false},"author":1,"featured_media":0,"parent":0,"menu_order":0,"comment_status":"closed","ping_status":"closed","template":"","meta":[],"_links":{"self":[{"href":"http:\/\/ruegen-ferienanlage.de\/index.php?rest_route=\/wp\/v2\/pages\/196"}],"collection":[{"href":"http:\/\/ruegen-ferienanlage.de\/index.php?rest_route=\/wp\/v2\/pages"}],"about":[{"href":"http:\/\/ruegen-ferienanlage.de\/index.php?rest_route=\/wp\/v2\/types\/page"}],"author":[{"embeddable":true,"href":"http:\/\/ruegen-ferienanlage.de\/index.php?rest_route=\/wp\/v2\/users\/1"}],"replies":[{"embeddable":true,"href":"http:\/\/ruegen-ferienanlage.de\/index.php?rest_route=%2Fwp%2Fv2%2Fcomments&post=196"}],"version-history":[{"count":4,"href":"http:\/\/ruegen-ferienanlage.de\/index.php?rest_route=\/wp\/v2\/pages\/196\/revisions"}],"predecessor-version":[{"id":202,"href":"http:\/\/ruegen-ferienanlage.de\/index.php?rest_route=\/wp\/v2\/pages\/196\/revisions\/202"}],"wp:attachment":[{"href":"http:\/\/ruegen-ferienanlage.de\/index.php?rest_route=%2Fwp%2Fv2%2Fmedia&parent=196"}],"curies":[{"name":"wp","href":"https:\/\/api.w.org\/{rel}","templated":true}]}}